{"id":57,"date":"2024-02-20T22:54:14","date_gmt":"2024-02-20T21:54:14","guid":{"rendered":"https:\/\/hesper-kanner.fournelle.lu\/?page_id=57"},"modified":"2024-02-21T14:23:15","modified_gmt":"2024-02-21T13:23:15","slug":"ueber-uns","status":"publish","type":"page","link":"https:\/\/hesper-kanner.lu\/?page_id=57","title":{"rendered":"\u00dcber uns"},"content":{"rendered":"\t\t<div data-elementor-type=\"wp-page\" data-elementor-id=\"57\" class=\"elementor elementor-57\" data-elementor-post-type=\"page\">\n\t\t\t\t<div class=\"elementor-element elementor-element-ef318ad e-con-full e-flex e-con e-parent\" data-id=\"ef318ad\" data-element_type=\"container\" data-e-type=\"container\">\n\t\t<div class=\"elementor-element elementor-element-f25651e e-con-full e-flex e-con e-child\" data-id=\"f25651e\" data-element_type=\"container\" data-e-type=\"container\">\n\t\t<div class=\"elementor-element elementor-element-c9b8c08 e-flex e-con-boxed e-con e-child\" data-id=\"c9b8c08\" data-element_type=\"container\" data-e-type=\"container\">\n\t\t\t\t\t<div class=\"e-con-inner\">\n\t\t\t\t<div class=\"elementor-element elementor-element-e5e5597 elementor-widget elementor-widget-spacer\" data-id=\"e5e5597\" data-element_type=\"widget\" data-e-type=\"widget\" data-widget_type=\"spacer.default\">\n\t\t\t\t<div class=\"elementor-widget-container\">\n\t\t\t\t\t\t\t<div class=\"elementor-spacer\">\n\t\t\t<div class=\"elementor-spacer-inner\"><\/div>\n\t\t<\/div>\n\t\t\t\t\t\t<\/div>\n\t\t\t\t<\/div>\n\t\t\t\t<div class=\"elementor-element elementor-element-50e04e8 elementor-widget elementor-widget-heading\" data-id=\"50e04e8\" data-element_type=\"widget\" data-e-type=\"widget\" data-widget_type=\"heading.default\">\n\t\t\t\t<div class=\"elementor-widget-container\">\n\t\t\t\t\t<h2 class=\"elementor-heading-title elementor-size-default\">Wir sind \"Baby-Sitting an der Gemeng Hesper a.s.b.l.\"<\/h2>\t\t\t\t<\/div>\n\t\t\t\t<\/div>\n\t\t\t\t<div class=\"elementor-element elementor-element-31fe13c elementor-widget elementor-widget-text-editor\" data-id=\"31fe13c\" data-element_type=\"widget\" data-e-type=\"widget\" data-widget_type=\"text-editor.default\">\n\t\t\t\t<div class=\"elementor-widget-container\">\n\t\t\t\t\t\t\t\t\t<p>\u00a0<\/p><p>Unser Verein verfolgt das Ziel, sichere und zuverl\u00e4ssige Babysitting-Services unter unseren Mitgliedern zu f\u00f6rdern. Wir bieten eine umfassende Liste von Babysittern an, die eine Ausbildung im Umgang mit Kindern mitgemacht haben und deren Erfahrungen gew\u00e4hrleistet sind.<\/p><p>\u00a0<\/p><p>Dar\u00fcber hinaus bieten wir j\u00e4hrlich unseren Mitgliedern eine Ausbildung f\u00fcr neue Babysitter an, um ihre F\u00e4higkeiten und Kenntnisse in der Kinderbetreuung zu verbessern.<\/p><p>\u00a0<\/p><p>Dies ist sowohl eine Garantie f\u00fcr die Babysitter, da sie sicherer im Umgang mit Kindern werden, als auch f\u00fcr die Eltern, da die Babysitter auf unserer Liste immer eine spezifische Ausbildung mitgemacht haben. Au\u00dferdem k\u00f6nnen sich sowohl die Babysitter als auch die Eltern jederzeit an den Vorstand weden, w\u00fcrde es irgenwelche Unstimmigkeiten zwischen den Babysittern, Elteren und Kindern geben w\u00fcrde.<\/p><p>\u00a0<\/p><p>Wir laden Sie ein, sich unserer Gemeinschaft anzuschlie\u00dfen und Mitglied zu werden, wenn Sie auch Babysitter werden wollen oder als Elternteil auf eine Liste mit ausgebildeten Babysittern zur\u00fcckgreifen wollen.<\/p><p>\u00a0<\/p>\t\t\t\t\t\t\t\t<\/div>\n\t\t\t\t<\/div>\n\t\t\t\t\t<\/div>\n\t\t\t\t<\/div>\n\t\t\t\t<\/div>\n\t\t<div class=\"elementor-element elementor-element-598b37c e-con-full e-flex e-con e-child\" data-id=\"598b37c\" data-element_type=\"container\" data-e-type=\"container\" data-settings=\"{&quot;background_background&quot;:&quot;classic&quot;}\">\n\t\t<div class=\"elementor-element elementor-element-4de824a e-flex e-con-boxed e-con e-child\" data-id=\"4de824a\" data-element_type=\"container\" data-e-type=\"container\">\n\t\t\t\t\t<div class=\"e-con-inner\">\n\t\t\t\t<div class=\"elementor-element elementor-element-ac81c07 elementor-widget elementor-widget-heading\" data-id=\"ac81c07\" data-element_type=\"widget\" data-e-type=\"widget\" data-widget_type=\"heading.default\">\n\t\t\t\t<div class=\"elementor-widget-container\">\n\t\t\t\t\t<h2 class=\"elementor-heading-title elementor-size-default\">Melden Sie sich bei uns<\/h2>\t\t\t\t<\/div>\n\t\t\t\t<\/div>\n\t\t\t\t<div class=\"elementor-element elementor-element-c3b2cac elementor-align-center elementor-widget elementor-widget-button\" data-id=\"c3b2cac\" data-element_type=\"widget\" data-e-type=\"widget\" data-widget_type=\"button.default\">\n\t\t\t\t<div class=\"elementor-widget-container\">\n\t\t\t\t\t\t\t\t\t<div class=\"elementor-button-wrapper\">\n\t\t\t\t\t<a class=\"elementor-button elementor-button-link elementor-size-lg\" href=\"https:\/\/hesper-kanner.lu\/?page_id=218\">\n\t\t\t\t\t\t<span class=\"elementor-button-content-wrapper\">\n\t\t\t\t\t\t\t\t\t<span class=\"elementor-button-text\">Kontakt<\/span>\n\t\t\t\t\t<\/span>\n\t\t\t\t\t<\/a>\n\t\t\t\t<\/div>\n\t\t\t\t\t\t\t\t<\/div>\n\t\t\t\t<\/div>\n\t\t\t\t\t<\/div>\n\t\t\t\t<\/div>\n\t\t\t\t<\/div>\n\t\t\t\t<\/div>\n\t\t<div class=\"elementor-element elementor-element-98b829b e-con-full e-flex e-con e-child\" data-id=\"98b829b\" data-element_type=\"container\" data-e-type=\"container\">\n\t\t<div class=\"elementor-element elementor-element-6e79191 e-flex e-con-boxed e-con e-child\" data-id=\"6e79191\" data-element_type=\"container\" data-e-type=\"container\">\n\t\t\t\t\t<div class=\"e-con-inner\">\n\t\t\t\t<div class=\"elementor-element elementor-element-f8894c6 elementor-widget elementor-widget-spacer\" data-id=\"f8894c6\" data-element_type=\"widget\" data-e-type=\"widget\" data-widget_type=\"spacer.default\">\n\t\t\t\t<div class=\"elementor-widget-container\">\n\t\t\t\t\t\t\t<div class=\"elementor-spacer\">\n\t\t\t<div class=\"elementor-spacer-inner\"><\/div>\n\t\t<\/div>\n\t\t\t\t\t\t<\/div>\n\t\t\t\t<\/div>\n\t\t\t\t<div class=\"elementor-element elementor-element-dc7c0d8 elementor-widget elementor-widget-heading\" data-id=\"dc7c0d8\" data-element_type=\"widget\" data-e-type=\"widget\" data-widget_type=\"heading.default\">\n\t\t\t\t<div class=\"elementor-widget-container\">\n\t\t\t\t\t<h2 class=\"elementor-heading-title elementor-size-default\">Datenschutzerkl\u00e4rung<\/h2>\t\t\t\t<\/div>\n\t\t\t\t<\/div>\n\t\t\t\t<div class=\"elementor-element elementor-element-129d72f elementor-widget elementor-widget-text-editor\" data-id=\"129d72f\" data-element_type=\"widget\" data-e-type=\"widget\" data-widget_type=\"text-editor.default\">\n\t\t\t\t<div class=\"elementor-widget-container\">\n\t\t\t\t\t\t\t\t\t<p>\u00a0<\/p><p>Der Verein &#8222;Baby-Sitting an der Gemeng Hesper a.s.b.l.&#8220; freut sich \u00fcber Ihr Interesse, an unserer Webseite und an unserem Angebot.<\/p><p>\u00a0<\/p><p>Unsere Angebote (Babysitter-Liste und Ausbildung f\u00fcr Babysitter) sind Angebote, welche nur an unsere Mitglieder weitergegeben werden. Damit Sie also an unserem Angebot teilnehmen k\u00f6nnen, m\u00fcssen Sie Mitglied werden. Dazu m\u00fcssen wir Ihre Daten anfragen, damit wir wissen, mit wem wir es zu tun haben.<\/p><p>\u00a0<\/p><p>Daten, welche wir von unseren Mitgliedern brauchen, sind Name, Adresse und E-Mail Adresse, sowie am besten auch die Telefonnummer. Diese Daten dienen in erster Hinsicht dazu Sie als Mitglied zu erfassen und Ihnen unsere Babysitter-Liste zukommen zu lassen. Diese Daten werden nie an dritte weitergegeben und werden gel\u00f6scht, sobald Sie nicht mehr Mitglied bei &#8222;Baby-Sitting an der Gemeng Hesper a.s.b.l.&#8220; sind oder Sie uns auffordern Ihre Daten unwiederbringlich zu l\u00f6schen.<\/p><p>\u00a0<\/p><p>Babysitter, welche auf unsere Liste kommen m\u00f6chten, m\u00fcssen au\u00dferdem noch ihre Telefonnummer, ihr Geburtsdatum und die Sprachen, welche Sie sprechen mit angeben. Name, Adresse, Telefonnummer, Geburtsdatum und Sprachen, sowie etwaige zus\u00e4tzliche Informationen, werden auf unserer Liste f\u00fcr alle Mitglieder des Vereins sichtbar verteilt. Diese Liste wird per E-Mail an die Mitglieder verschickt. Sollte ein Babysitter nicht w\u00fcnschen, dass eine dieser Informationen weitergeleitet wird, soll er \/ sie sich bei uns melden.<\/p><p>\u00a0<\/p><p>Unsere Daten werden nie an Dritte weitergeleitet, sondern nur zum Zweck der Ausf\u00fchrung unseres Angebots und der notwendigen administrativen T\u00e4tigkeiten eines Vereins verarbeitet.<\/p><p>\u00a0<\/p><p>Fragen und \u00c4nderungsw\u00fcnsche zu Ihren Daten k\u00f6nnen Sie \u00fcber das Formular oder per E-Mail an uns schicken.<\/p>\t\t\t\t\t\t\t\t<\/div>\n\t\t\t\t<\/div>\n\t\t\t\t\t<\/div>\n\t\t\t\t<\/div>\n\t\t\t\t<\/div>\n\t\t<div class=\"elementor-element elementor-element-91a583b e-con-full e-flex e-con e-child\" data-id=\"91a583b\" data-element_type=\"container\" data-e-type=\"container\" data-settings=\"{&quot;background_background&quot;:&quot;classic&quot;}\">\n\t\t<div class=\"elementor-element elementor-element-eebeb28 e-flex e-con-boxed e-con e-child\" data-id=\"eebeb28\" data-element_type=\"container\" data-e-type=\"container\">\n\t\t\t\t\t<div class=\"e-con-inner\">\n\t\t\t\t<div class=\"elementor-element elementor-element-7dc81ff elementor-widget elementor-widget-heading\" data-id=\"7dc81ff\" data-element_type=\"widget\" data-e-type=\"widget\" data-widget_type=\"heading.default\">\n\t\t\t\t<div class=\"elementor-widget-container\">\n\t\t\t\t\t<h2 class=\"elementor-heading-title elementor-size-default\">Melden Sie sich bei uns<\/h2>\t\t\t\t<\/div>\n\t\t\t\t<\/div>\n\t\t\t\t<div class=\"elementor-element elementor-element-4e3a508 elementor-align-center elementor-widget elementor-widget-button\" data-id=\"4e3a508\" data-element_type=\"widget\" data-e-type=\"widget\" data-widget_type=\"button.default\">\n\t\t\t\t<div class=\"elementor-widget-container\">\n\t\t\t\t\t\t\t\t\t<div class=\"elementor-button-wrapper\">\n\t\t\t\t\t<a class=\"elementor-button elementor-button-link elementor-size-lg\" href=\"https:\/\/hesper-kanner.lu\/?page_id=218\">\n\t\t\t\t\t\t<span class=\"elementor-button-content-wrapper\">\n\t\t\t\t\t\t\t\t\t<span class=\"elementor-button-text\">Kontakt<\/span>\n\t\t\t\t\t<\/span>\n\t\t\t\t\t<\/a>\n\t\t\t\t<\/div>\n\t\t\t\t\t\t\t\t<\/div>\n\t\t\t\t<\/div>\n\t\t\t\t\t<\/div>\n\t\t\t\t<\/div>\n\t\t\t\t<\/div>\n\t\t<div class=\"elementor-element elementor-element-cae1b32 e-con-full e-flex e-con e-child\" data-id=\"cae1b32\" data-element_type=\"container\" data-e-type=\"container\">\n\t\t<div class=\"elementor-element elementor-element-f9cc11d e-flex e-con-boxed e-con e-child\" data-id=\"f9cc11d\" data-element_type=\"container\" data-e-type=\"container\">\n\t\t\t\t\t<div class=\"e-con-inner\">\n\t\t\t\t<div class=\"elementor-element elementor-element-ca8ea9a elementor-widget elementor-widget-spacer\" data-id=\"ca8ea9a\" data-element_type=\"widget\" data-e-type=\"widget\" data-widget_type=\"spacer.default\">\n\t\t\t\t<div class=\"elementor-widget-container\">\n\t\t\t\t\t\t\t<div class=\"elementor-spacer\">\n\t\t\t<div class=\"elementor-spacer-inner\"><\/div>\n\t\t<\/div>\n\t\t\t\t\t\t<\/div>\n\t\t\t\t<\/div>\n\t\t\t\t<div class=\"elementor-element elementor-element-e404dc2 elementor-widget elementor-widget-heading\" data-id=\"e404dc2\" data-element_type=\"widget\" data-e-type=\"widget\" data-widget_type=\"heading.default\">\n\t\t\t\t<div class=\"elementor-widget-container\">\n\t\t\t\t\t<h2 class=\"elementor-heading-title elementor-size-default\">Verantwortung f\u00fcr die Seite<\/h2>\t\t\t\t<\/div>\n\t\t\t\t<\/div>\n\t\t\t\t<div class=\"elementor-element elementor-element-02e0c1f elementor-widget elementor-widget-text-editor\" data-id=\"02e0c1f\" data-element_type=\"widget\" data-e-type=\"widget\" data-widget_type=\"text-editor.default\">\n\t\t\t\t<div class=\"elementor-widget-container\">\n\t\t\t\t\t\t\t\t\t<p>\u00a0<\/p><p>Diese Seite unterliegt der Verantwortung des Vorstands des Vereins. Dies gilt nicht f\u00fcr Links, die auf der Internetseite ver\u00f6ffentlicht sind. Diese wurden bei der Ver\u00f6ffentlichung sorgf\u00e4ltig ausgew\u00e4hlt. Sollte im Nachhinein ein Problem auf einer verlinkten Seite entstehen, wird, nachdem wir davon Kenntnis erhalten, der Link unverz\u00fcglich entfernt.<\/p><p>\u00a0<\/p><p>Die schriftlichen, bildlichen und photographischen Inhalte stammen alle von uns und d\u00fcrfen nicht ohne Zustimmung ver\u00e4ndert oder anderweitig wieder gebraucht werden. Dies gilt insbesondere f\u00fcr Fotos!<\/p><p>\u00a0<\/p><p>Sollten Sie Probleme auf\u00a0unserer Seite entdecken, wenden Sie sich bitte \u00fcber das Formular oder per E-Mail an uns.<\/p>\t\t\t\t\t\t\t\t<\/div>\n\t\t\t\t<\/div>\n\t\t\t\t\t<\/div>\n\t\t\t\t<\/div>\n\t\t\t\t<\/div>\n\t\t<div class=\"elementor-element elementor-element-74dd735 e-con-full e-flex e-con e-child\" data-id=\"74dd735\" data-element_type=\"container\" data-e-type=\"container\" data-settings=\"{&quot;background_background&quot;:&quot;classic&quot;}\">\n\t\t<div class=\"elementor-element elementor-element-7526525 e-flex e-con-boxed e-con e-child\" data-id=\"7526525\" data-element_type=\"container\" data-e-type=\"container\">\n\t\t\t\t\t<div class=\"e-con-inner\">\n\t\t\t\t<div class=\"elementor-element elementor-element-51b83b1 elementor-widget elementor-widget-heading\" data-id=\"51b83b1\" data-element_type=\"widget\" data-e-type=\"widget\" data-widget_type=\"heading.default\">\n\t\t\t\t<div class=\"elementor-widget-container\">\n\t\t\t\t\t<h2 class=\"elementor-heading-title elementor-size-default\">Melden Sie sich bei uns<\/h2>\t\t\t\t<\/div>\n\t\t\t\t<\/div>\n\t\t\t\t<div class=\"elementor-element elementor-element-082b374 elementor-align-center elementor-widget elementor-widget-button\" data-id=\"082b374\" data-element_type=\"widget\" data-e-type=\"widget\" data-widget_type=\"button.default\">\n\t\t\t\t<div class=\"elementor-widget-container\">\n\t\t\t\t\t\t\t\t\t<div class=\"elementor-button-wrapper\">\n\t\t\t\t\t<a class=\"elementor-button elementor-button-link elementor-size-lg\" href=\"https:\/\/hesper-kanner.lu\/?page_id=218\">\n\t\t\t\t\t\t<span class=\"elementor-button-content-wrapper\">\n\t\t\t\t\t\t\t\t\t<span class=\"elementor-button-text\">Kontakt<\/span>\n\t\t\t\t\t<\/span>\n\t\t\t\t\t<\/a>\n\t\t\t\t<\/div>\n\t\t\t\t\t\t\t\t<\/div>\n\t\t\t\t<\/div>\n\t\t\t\t\t<\/div>\n\t\t\t\t<\/div>\n\t\t\t\t<\/div>\n\t\t\t\t<\/div>\n\t\t","protected":false},"excerpt":{"rendered":"<p>Wir sind &#8222;Baby-Sitting an der Gemeng Hesper a.s.b.l.&#8220; \u00a0 Unser Verein verfolgt das Ziel, sichere und zuverl\u00e4ssige Babysitting-Services unter unseren Mitgliedern zu f\u00f6rdern. Wir bieten eine umfassende Liste von Babysittern an, die eine Ausbildung im Umgang mit Kindern mitgemacht haben und deren Erfahrungen gew\u00e4hrleistet sind. \u00a0 Dar\u00fcber hinaus bieten wir j\u00e4hrlich unseren Mitgliedern eine Ausbildung [&hellip;]<\/p>\n","protected":false},"author":1,"featured_media":7,"parent":0,"menu_order":0,"comment_status":"closed","ping_status":"closed","template":"","meta":{"footnotes":""},"class_list":["post-57","page","type-page","status-publish","has-post-thumbnail","hentry"],"_links":{"self":[{"href":"https:\/\/hesper-kanner.lu\/index.php?rest_route=\/wp\/v2\/pages\/57","targetHints":{"allow":["GET"]}}],"collection":[{"href":"https:\/\/hesper-kanner.lu\/index.php?rest_route=\/wp\/v2\/pages"}],"about":[{"href":"https:\/\/hesper-kanner.lu\/index.php?rest_route=\/wp\/v2\/types\/page"}],"author":[{"embeddable":true,"href":"https:\/\/hesper-kanner.lu\/index.php?rest_route=\/wp\/v2\/users\/1"}],"replies":[{"embeddable":true,"href":"https:\/\/hesper-kanner.lu\/index.php?rest_route=%2Fwp%2Fv2%2Fcomments&post=57"}],"version-history":[{"count":20,"href":"https:\/\/hesper-kanner.lu\/index.php?rest_route=\/wp\/v2\/pages\/57\/revisions"}],"predecessor-version":[{"id":262,"href":"https:\/\/hesper-kanner.lu\/index.php?rest_route=\/wp\/v2\/pages\/57\/revisions\/262"}],"wp:featuredmedia":[{"embeddable":true,"href":"https:\/\/hesper-kanner.lu\/index.php?rest_route=\/wp\/v2\/media\/7"}],"wp:attachment":[{"href":"https:\/\/hesper-kanner.lu\/index.php?rest_route=%2Fwp%2Fv2%2Fmedia&parent=57"}],"curies":[{"name":"wp","href":"https:\/\/api.w.org\/{rel}","templated":true}]}}